{"id":53141,"date":"2024-01-27T17:12:58","date_gmt":"2024-01-27T14:12:58","guid":{"rendered":"https:\/\/lorisakademi.pixelturk.net\/?page_id=53141"},"modified":"2024-01-28T15:22:23","modified_gmt":"2024-01-28T12:22:23","slug":"parfumoloji","status":"publish","type":"page","link":"https:\/\/lorisakademi.com\/?page_id=53141","title":{"rendered":"Parf\u00fcmoloji"},"content":{"rendered":"\t\t<div data-elementor-type=\"wp-page\" data-elementor-id=\"53141\" class=\"elementor elementor-53141\" data-elementor-post-type=\"page\">\n\t\t\t\t\t\t<section class=\"elementor-section elementor-top-section elementor-element elementor-element-1e25935 elementor-section-stretched elementor-section-boxed elementor-section-height-default elementor-section-height-default tm-col-stretched-none tm-bg-color-over-image\" data-id=\"1e25935\" data-element_type=\"section\" data-settings=\"{&quot;stretch_section&quot;:&quot;section-stretched&quot;,&quot;background_background&quot;:&quot;classic&quot;}\">\n\t\t\t\t\t\t\t<div class=\"elementor-background-overlay\"><\/div>\n\t\t\t\t\t\t\t<div class=\"elementor-container elementor-column-gap-extended\">\n\t\t\t\t\t<div class=\"elementor-column elementor-col-33 elementor-top-column elementor-element elementor-element-27d7b2b tm-bg-color-over-image\" data-id=\"27d7b2b\" data-element_type=\"column\">\n\t\t\t<div class=\"elementor-widget-wrap elementor-element-populated\">\n\t\t\t\t\t\t<div class=\"elementor-element elementor-element-ca782de elementor-widget elementor-widget-tm-ele-animated-layers\" data-id=\"ca782de\" data-element_type=\"widget\" data-widget_type=\"tm-ele-animated-layers.default\">\n\t\t\t\t<div class=\"elementor-widget-container\">\n\t\t\t\t\t<div class=\"tm-sc-animated-layer-advanced \">\r\n\t\t\t<div class=\"animated-layer-advanced-inner clearfix\">\r\n\t\r\n<div class=\"layer-image-wrapper layer-image  layer-image-fullwidth elementor-repeater-item-f32edfc\" style=\"\">\r\n\t<div class=\"layer-inner layer-image  \">\r\n\t\t<div class=\"layer-image-inner-wrapper image-hover-effect-shine\">\r\n\t\t\t<img fetchpriority=\"high\" decoding=\"async\" class=\"\" src=\"https:\/\/lorisakademi.com\/wp-content\/uploads\/2023\/01\/bg33-550x550.jpg\" width=\"550\" height=\"550\" alt=\"Image\">\r\n\t\t<\/div>\r\n\t<\/div>\r\n<\/div>\r\n\r\n<div class=\"layer-image-wrapper layer-image  layer-image-fullwidth elementor-repeater-item-c5df452\" style=\"\">\r\n\t<div class=\"layer-inner layer-image  \">\r\n\t\t<div class=\"layer-image-inner-wrapper image-hover-effect-shine\">\r\n\t\t\t<img decoding=\"async\" class=\"\" src=\"https:\/\/lorisakademi.com\/wp-content\/uploads\/2023\/01\/bg29-550x550.jpg\" width=\"550\" height=\"550\" alt=\"Image\">\r\n\t\t<\/div>\r\n\t<\/div>\r\n<\/div>\r\n\r\n<div class=\"layer-image-wrapper layer-image  layer-image-fullwidth elementor-repeater-item-47a3984\" style=\"\">\r\n\t<div class=\"layer-inner layer-image  \">\r\n\t\t<div class=\"layer-image-inner-wrapper \">\r\n\t\t\t<img decoding=\"async\" class=\"\" src=\"https:\/\/lorisakademi.com\/wp-content\/uploads\/2023\/01\/cirl2.png\" width=\"556\" height=\"565\" alt=\"Image\">\r\n\t\t<\/div>\r\n\t<\/div>\r\n<\/div>\r\n\t\t\t<\/div>\r\n\t\t\t<div class=\"clearfix\"><\/div>\r\n\t\t<\/div>\r\n\t\t\t<\/div>\n\t\t\t\t<\/div>\n\t\t\t\t<div class=\"elementor-element elementor-element-a4a54e9 elementor-widget elementor-widget-tm-ele-animated-layers\" data-id=\"a4a54e9\" data-element_type=\"widget\" data-widget_type=\"tm-ele-animated-layers.default\">\n\t\t\t\t<div class=\"elementor-widget-container\">\n\t\t\t\t\t<div class=\"tm-sc-animated-layer-advanced \">\r\n\t\t\t<div class=\"animated-layer-advanced-inner clearfix\">\r\n\t\r\n<div class=\"layer-image-wrapper layer-image  layer-image-fullwidth elementor-repeater-item-a895a5f\" style=\"\">\r\n\t<div class=\"layer-inner layer-image  \">\r\n\t\t<div class=\"layer-image-inner-wrapper image-hover-effect-shine\">\r\n\t\t\t<img loading=\"lazy\" decoding=\"async\" class=\"\" src=\"https:\/\/lorisakademi.com\/wp-content\/uploads\/2023\/01\/bg6-600x800.jpg\" width=\"600\" height=\"800\" alt=\"Image\">\r\n\t\t<\/div>\r\n\t<\/div>\r\n<\/div>\r\n\t\t\t<\/div>\r\n\t\t\t<div class=\"clearfix\"><\/div>\r\n\t\t<\/div>\r\n\t\t\t<\/div>\n\t\t\t\t<\/div>\n\t\t\t\t\t<\/div>\n\t\t<\/div>\n\t\t\t\t<div class=\"elementor-column elementor-col-33 elementor-top-column elementor-element elementor-element-23f8069 tm-bg-color-over-image\" data-id=\"23f8069\" data-element_type=\"column\">\n\t\t\t<div class=\"elementor-widget-wrap\">\n\t\t\t\t\t\t\t<\/div>\n\t\t<\/div>\n\t\t\t\t<div class=\"elementor-column elementor-col-33 elementor-top-column elementor-element elementor-element-3e61957 tm-bg-color-over-image\" data-id=\"3e61957\" data-element_type=\"column\">\n\t\t\t<div class=\"elementor-widget-wrap elementor-element-populated\">\n\t\t\t\t\t\t<div class=\"elementor-element elementor-element-89eb692 horizontal-line-align-left vertical-line-align-bottom elementor-widget elementor-widget-tm-ele-section-title\" data-id=\"89eb692\" data-element_type=\"widget\" data-widget_type=\"tm-ele-section-title.default\">\n\t\t\t\t<div class=\"elementor-widget-container\">\n\t\t\t<div class=\"tm-sc-section-title section-title \">\r\n\t<div class=\"title-wrapper\">\r\n\t\t\t\t\t\t<h6 class=\"subtitle \">\r\n\r\n\t\t\r\n\t\tLoris Akademi\t<\/h6>\r\n\t\t\t\t<h2 class=\"title \">\r\n\r\n\t\t\r\n\t\t\t\t<span class=\"title-part1 \">Parf\u00fcmoloji<\/span>\r\n\t\t\t\t\r\n\t\t\r\n\t<\/h2>\r\n\t<div class=\"title-seperator-line\"><\/div>\t\t\t\t\t\t<\/div>\r\n<\/div>\t\t<\/div>\n\t\t\t\t<\/div>\n\t\t\t\t<div class=\"elementor-element elementor-element-228acf2 elementor-widget elementor-widget-tm-ele-text-editor\" data-id=\"228acf2\" data-element_type=\"widget\" data-widget_type=\"tm-ele-text-editor.default\">\n\t\t\t\t<div class=\"elementor-widget-container\">\n\t\t\t\t\t<div class=\"tm-text-editor\">\r\n\t\t<h5>Loris\u2019in parf\u00fcm d\u00fcnyas\u0131na en \u00f6nemli katk\u0131s\u0131<\/h5>\t\t<\/div>\r\n\t\t\t<\/div>\n\t\t\t\t<\/div>\n\t\t\t\t<div class=\"elementor-element elementor-element-994ed86 elementor-widget elementor-widget-tm-ele-text-editor\" data-id=\"994ed86\" data-element_type=\"widget\" data-widget_type=\"tm-ele-text-editor.default\">\n\t\t\t\t<div class=\"elementor-widget-container\">\n\t\t\t\t\t<div class=\"tm-text-editor\">\r\n\t\t<p>LORIS, Parf\u00fcmoloji ad\u0131n\u0131 ta\u015f\u0131yan kapsaml\u0131 e\u011fitim program\u0131yla, ma\u011faza \u00e7al\u0131\u015fanlar\u0131na u\u00e7tan uca parf\u00fcm sat\u0131\u015f uzmanl\u0131\u011f\u0131 ve ma\u011fazac\u0131l\u0131k becerileri kazand\u0131rmay\u0131 ama\u00e7lamaktad\u0131r. Bu e\u011fitim m\u00fcfredat\u0131, sat\u0131\u015f dan\u0131\u015fmanlar\u0131n\u0131n sadece i\u015flerinde uzmanla\u015fmalar\u0131n\u0131 de\u011fil, ayn\u0131 zamanda LORIS'in kurumsal k\u00fclt\u00fcr\u00fcn\u00fc benimsemelerini sa\u011flamak i\u00e7in tasarlanm\u0131\u015ft\u0131r.<\/p>\t\t<\/div>\r\n\t\t\t<\/div>\n\t\t\t\t<\/div>\n\t\t\t\t\t<\/div>\n\t\t<\/div>\n\t\t\t\t\t<\/div>\n\t\t<\/section>\n\t\t<div class=\"elementor-element elementor-element-99229bd e-flex e-con-boxed e-con e-parent\" data-id=\"99229bd\" data-element_type=\"container\">\n\t\t\t\t\t<div class=\"e-con-inner\">\n\t\t\t\t<div class=\"elementor-element elementor-element-580e7e0 elementor-widget elementor-widget-text-editor\" data-id=\"580e7e0\" data-element_type=\"widget\" data-widget_type=\"text-editor.default\">\n\t\t\t\t<div class=\"elementor-widget-container\">\n\t\t\t<style>\/*! elementor - v3.21.0 - 15-04-2024 *\/\n.elementor-widget-text-editor.elementor-drop-cap-view-stacked .elementor-drop-cap{background-color:#69727d;color:#fff}.elementor-widget-text-editor.elementor-drop-cap-view-framed .elementor-drop-cap{color:#69727d;border:3px solid;background-color:transparent}.elementor-widget-text-editor:not(.elementor-drop-cap-view-default) .elementor-drop-cap{margin-top:8px}.elementor-widget-text-editor:not(.elementor-drop-cap-view-default) .elementor-drop-cap-letter{width:1em;height:1em}.elementor-widget-text-editor .elementor-drop-cap{float:left;text-align:center;line-height:1;font-size:50px}.elementor-widget-text-editor .elementor-drop-cap-letter{display:inline-block}<\/style>\t\t\t\t<p>Parf\u00fcmologlar, markan\u0131n hedeflerini, sorumluluklar\u0131n\u0131 ve de\u011fer katacak unsurlar\u0131 net bir \u015fekilde anlayarak, LORIS&#8217;in vizyonunu m\u00fc\u015fterilere ba\u015far\u0131yla iletebilmek ad\u0131na e\u011fitim al\u0131rlar. Ayr\u0131ca, temel koku e\u011fitimleri ve \u00fcr\u00fcn bilgisi ile donat\u0131lan parf\u00fcmologlar, m\u00fc\u015fteri sorular\u0131na do\u011fru ve bilgili yan\u0131tlar verebilmek i\u00e7in haz\u0131rl\u0131kl\u0131 olurlar.<\/p><p>Parf\u00fcmoloji e\u011fitimleri, LORIS ma\u011fazalar\u0131n\u0131n kurumsal standartlar\u0131na, \u00fcr\u00fcn dizilimlerine ve ekibin giyim standartlar\u0131na uygunlu\u011fu da kapsar. Bu sayede, markan\u0131n homojen bir imaj\u0131n\u0131 s\u00fcrd\u00fcrmek ve m\u00fc\u015fterilere m\u00fckemmel bir al\u0131\u015fveri\u015f deneyimi sunmak hedeflenir.<\/p><p>LORIS Akademi, bu e\u011fitim programlar\u0131yla sadece ma\u011faza y\u00f6neticilerinin de\u011fil, ayn\u0131 zamanda merkez ofis personelinin bilgi ve yetkinliklerini art\u0131rmay\u0131 hedefler. \u0130nsana verilen de\u011fer ve m\u00fc\u015fterilere m\u00fckemmel al\u0131\u015fveri\u015f deneyimi sunma misyonuyla, LORIS, b\u00fcy\u00fcme hedefleri do\u011frultusunda yat\u0131r\u0131mlar\u0131n\u0131 art\u0131rarak sekt\u00f6rdeki liderli\u011fini s\u00fcrd\u00fcrmeyi ama\u00e7lamaktad\u0131r.<\/p><p><strong>Parfu\u0308mologlar\u0131m\u0131z<\/strong>:<\/p><p>LORIS Kurumsal Ku\u0308ltu\u0308ru\u0308nu\u0308n Mu\u0308s\u0327teriye Dokunma Noktas\u0131<\/p><ul><li>Parfu\u0308m konusunu biliyor.<\/li><li>Kokularla ilgili gu\u0308c\u0327lu\u0308 bir fikri var.<\/li><li>Mu\u0308s\u0327terisini dog\u0306ru yo\u0308nlendiriyor.<\/li><li>Unvan\u0131n\u0131n gerektirdig\u0306i o\u0308zgu\u0308vene sahip.<\/li><li>Zevkli, bak\u0131ml\u0131 ve nes\u0327eli.<\/li><li>Markas\u0131n\u0131n o\u0308n go\u0308rdu\u0308g\u0306u\u0308 k\u0131yafeti ve yaka kart\u0131n\u0131 gururla tas\u0327\u0131yor.<\/li><li>Sayg\u0131l\u0131 ve yeni fikirlere ac\u0327\u0131k.<\/li><li>Mu\u0308s\u0327teriyi o\u0308ncelikli tutuyor,<\/li><\/ul>\t\t\t\t\t\t<\/div>\n\t\t\t\t<\/div>\n\t\t\t\t\t<\/div>\n\t\t\t\t<\/div>\n\t\t\t\t<\/div>\n\t\t","protected":false},"excerpt":{"rendered":"<p>Loris Akademi Parf\u00fcmoloji Loris\u2019in parf\u00fcm d\u00fcnyas\u0131na en \u00f6nemli katk\u0131s\u0131 LORIS, Parf\u00fcmoloji ad\u0131n\u0131 ta\u015f\u0131yan kapsaml\u0131 e\u011fitim program\u0131yla, ma\u011faza \u00e7al\u0131\u015fanlar\u0131na u\u00e7tan uca&#8230;<\/p>\n","protected":false},"author":1,"featured_media":0,"parent":0,"menu_order":0,"comment_status":"closed","ping_status":"closed","template":"","meta":{"footnotes":""},"class_list":["post-53141","page","type-page","status-publish","hentry"],"_links":{"self":[{"href":"https:\/\/lorisakademi.com\/index.php?rest_route=\/wp\/v2\/pages\/53141","targetHints":{"allow":["GET"]}}],"collection":[{"href":"https:\/\/lorisakademi.com\/index.php?rest_route=\/wp\/v2\/pages"}],"about":[{"href":"https:\/\/lorisakademi.com\/index.php?rest_route=\/wp\/v2\/types\/page"}],"author":[{"embeddable":true,"href":"https:\/\/lorisakademi.com\/index.php?rest_route=\/wp\/v2\/users\/1"}],"replies":[{"embeddable":true,"href":"https:\/\/lorisakademi.com\/index.php?rest_route=%2Fwp%2Fv2%2Fcomments&post=53141"}],"version-history":[{"count":7,"href":"https:\/\/lorisakademi.com\/index.php?rest_route=\/wp\/v2\/pages\/53141\/revisions"}],"predecessor-version":[{"id":53208,"href":"https:\/\/lorisakademi.com\/index.php?rest_route=\/wp\/v2\/pages\/53141\/revisions\/53208"}],"wp:attachment":[{"href":"https:\/\/lorisakademi.com\/index.php?rest_route=%2Fwp%2Fv2%2Fmedia&parent=53141"}],"curies":[{"name":"wp","href":"https:\/\/api.w.org\/{rel}","templated":true}]}}