{"id":53109,"date":"2024-01-27T14:55:13","date_gmt":"2024-01-27T11:55:13","guid":{"rendered":"https:\/\/lorisakademi.pixelturk.net\/?page_id=53109"},"modified":"2026-02-13T14:41:06","modified_gmt":"2026-02-13T11:41:06","slug":"amacimiz","status":"publish","type":"page","link":"https:\/\/lorisakademi.com\/?page_id=53109","title":{"rendered":"Amac\u0131m\u0131z"},"content":{"rendered":"\t\t<div data-elementor-type=\"wp-page\" data-elementor-id=\"53109\" class=\"elementor elementor-53109\" data-elementor-post-type=\"page\">\n\t\t\t\t\t\t<section class=\"elementor-section elementor-top-section elementor-element elementor-element-81cd534 elementor-section-stretched elementor-section-boxed elementor-section-height-default elementor-section-height-default tm-col-stretched-none tm-bg-color-over-image\" data-id=\"81cd534\" data-element_type=\"section\" data-settings=\"{&quot;stretch_section&quot;:&quot;section-stretched&quot;,&quot;background_background&quot;:&quot;classic&quot;}\">\n\t\t\t\t\t\t\t<div class=\"elementor-background-overlay\"><\/div>\n\t\t\t\t\t\t\t<div class=\"elementor-container elementor-column-gap-extended\">\n\t\t\t\t\t<div class=\"elementor-column elementor-col-33 elementor-top-column elementor-element elementor-element-1bae874 tm-bg-color-over-image\" data-id=\"1bae874\" data-element_type=\"column\">\n\t\t\t<div class=\"elementor-widget-wrap elementor-element-populated\">\n\t\t\t\t\t\t<div class=\"elementor-element elementor-element-253f5b7 elementor-widget elementor-widget-tm-ele-animated-layers\" data-id=\"253f5b7\" data-element_type=\"widget\" data-widget_type=\"tm-ele-animated-layers.default\">\n\t\t\t\t<div class=\"elementor-widget-container\">\n\t\t\t\t\t<div class=\"tm-sc-animated-layer-advanced \">\r\n\t\t\t<div class=\"animated-layer-advanced-inner clearfix\">\r\n\t\r\n<div class=\"layer-image-wrapper layer-image  layer-image-fullwidth elementor-repeater-item-f32edfc\" style=\"\">\r\n\t<div class=\"layer-inner layer-image  \">\r\n\t\t<div class=\"layer-image-inner-wrapper image-hover-effect-shine\">\r\n\t\t\t<img fetchpriority=\"high\" decoding=\"async\" class=\"\" src=\"https:\/\/lorisakademi.com\/wp-content\/uploads\/2024\/03\/amacimiz-1.jpeg\" width=\"600\" height=\"800\" alt=\"Image\">\r\n\t\t<\/div>\r\n\t<\/div>\r\n<\/div>\r\n\r\n<div class=\"layer-image-wrapper layer-image  layer-image-fullwidth elementor-repeater-item-a895a5f\" style=\"\">\r\n\t<div class=\"layer-inner layer-image  \">\r\n\t\t<div class=\"layer-image-inner-wrapper image-hover-effect-shine\">\r\n\t\t\t<img decoding=\"async\" class=\"\" src=\"https:\/\/lorisakademi.com\/wp-content\/uploads\/2024\/03\/amacimiz-2.jpeg\" width=\"1600\" height=\"1067\" alt=\"Image\">\r\n\t\t<\/div>\r\n\t<\/div>\r\n<\/div>\r\n\t\t\t<\/div>\r\n\t\t\t<div class=\"clearfix\"><\/div>\r\n\t\t<\/div>\r\n\t\t\t<\/div>\n\t\t\t\t<\/div>\n\t\t\t\t\t<\/div>\n\t\t<\/div>\n\t\t\t\t<div class=\"elementor-column elementor-col-33 elementor-top-column elementor-element elementor-element-9c21520 tm-bg-color-over-image\" data-id=\"9c21520\" data-element_type=\"column\">\n\t\t\t<div class=\"elementor-widget-wrap\">\n\t\t\t\t\t\t\t<\/div>\n\t\t<\/div>\n\t\t\t\t<div class=\"elementor-column elementor-col-33 elementor-top-column elementor-element elementor-element-f79d0da tm-bg-color-over-image\" data-id=\"f79d0da\" data-element_type=\"column\">\n\t\t\t<div class=\"elementor-widget-wrap elementor-element-populated\">\n\t\t\t\t\t\t<div class=\"elementor-element elementor-element-6e5dd00 horizontal-line-align-left vertical-line-align-bottom elementor-widget elementor-widget-tm-ele-section-title\" data-id=\"6e5dd00\" data-element_type=\"widget\" data-widget_type=\"tm-ele-section-title.default\">\n\t\t\t\t<div class=\"elementor-widget-container\">\n\t\t\t<div class=\"tm-sc-section-title section-title \">\r\n\t<div class=\"title-wrapper\">\r\n\t\t\t\t\t\t<h6 class=\"subtitle \">\r\n\r\n\t\t\r\n\t\tAmac\u0131m\u0131z\t<\/h6>\r\n\t\t\t\t<h2 class=\"title \">\r\n\r\n\t\t\r\n\t\t\t\t<span class=\"title-part1 \">Loris Akademi'nin Amac\u0131<\/span>\r\n\t\t\t\t\r\n\t\t\r\n\t<\/h2>\r\n\t<div class=\"title-seperator-line\"><\/div>\t\t\t\t\t\t<\/div>\r\n<\/div>\t\t<\/div>\n\t\t\t\t<\/div>\n\t\t\t\t<div class=\"elementor-element elementor-element-b705d85 elementor-widget elementor-widget-tm-ele-text-editor\" data-id=\"b705d85\" data-element_type=\"widget\" data-widget_type=\"tm-ele-text-editor.default\">\n\t\t\t\t<div class=\"elementor-widget-container\">\n\t\t\t\t\t<div class=\"tm-text-editor\">\r\n\t\t<p>Loris Akademi, ma\u011faza \u00e7al\u0131\u015fanlar\u0131na u\u00e7tan uca parf\u00fcm bilgisi, m\u00fc\u015fteri ili\u015fkileri y\u00f6netimi ve ma\u011fazac\u0131l\u0131k becerilerini kazand\u0131rarak, marka kimli\u011fini g\u00fc\u00e7lendirip m\u00fc\u015fteri memnuniyetini en \u00fcst d\u00fczeye \u00e7\u0131karmay\u0131\u00a0ama\u00e7lar.<\/p>\t\t<\/div>\r\n\t\t\t<\/div>\n\t\t\t\t<\/div>\n\t\t\t\t\t<\/div>\n\t\t<\/div>\n\t\t\t\t\t<\/div>\n\t\t<\/section>\n\t\t<div class=\"elementor-element elementor-element-495a156 e-flex e-con-boxed e-con e-parent\" data-id=\"495a156\" data-element_type=\"container\">\n\t\t\t\t\t<div class=\"e-con-inner\">\n\t\t\t\t<div class=\"elementor-element elementor-element-de58c3b elementor-widget elementor-widget-text-editor\" data-id=\"de58c3b\" data-element_type=\"widget\" data-widget_type=\"text-editor.default\">\n\t\t\t\t<div class=\"elementor-widget-container\">\n\t\t\t<style>\/*! elementor - v3.21.0 - 15-04-2024 *\/\n.elementor-widget-text-editor.elementor-drop-cap-view-stacked .elementor-drop-cap{background-color:#69727d;color:#fff}.elementor-widget-text-editor.elementor-drop-cap-view-framed .elementor-drop-cap{color:#69727d;border:3px solid;background-color:transparent}.elementor-widget-text-editor:not(.elementor-drop-cap-view-default) .elementor-drop-cap{margin-top:8px}.elementor-widget-text-editor:not(.elementor-drop-cap-view-default) .elementor-drop-cap-letter{width:1em;height:1em}.elementor-widget-text-editor .elementor-drop-cap{float:left;text-align:center;line-height:1;font-size:50px}.elementor-widget-text-editor .elementor-drop-cap-letter{display:inline-block}<\/style>\t\t\t\t<p><strong>U\u00e7tan Uca Parf\u00fcm Sat\u0131\u015f Uzmanl\u0131\u011f\u0131 E\u011fitimi<\/strong><\/p><p>Loris Akademi, ma\u011faza \u00e7al\u0131\u015fanlar\u0131na u\u00e7tan uca parf\u00fcm sat\u0131\u015f uzmanl\u0131\u011f\u0131 sa\u011flamak amac\u0131yla kapsaml\u0131 bir e\u011fitim m\u00fcfredat\u0131 sunmaktad\u0131r. Bu e\u011fitim, m\u00fc\u015fteriyle etkile\u015fimde bulunan sat\u0131\u015f dan\u0131\u015fmanlar\u0131n\u0131 i\u015flerinde uzmanla\u015ft\u0131rmay\u0131\u00a0hedefler.<\/p><p><strong>Kurumsal K\u00fclt\u00fcr ve De\u011ferlere Hakimiyet<\/strong><\/p><p>Loris Akademi&#8217;nin d\u00fczenledi\u011fi e\u011fitimler, \u00e7al\u0131\u015fanlar\u0131n Loris markas\u0131n\u0131n k\u00f6klerini, kurumsal k\u00fclt\u00fcr\u00fcn\u00fc ve temel de\u011ferlerini kapsaml\u0131 bir \u015fekilde anlamalar\u0131n\u0131 sa\u011flar. Bu sayede ma\u011faza ekibi, marka de\u011ferlerini m\u00fc\u015fterilere do\u011fru ve etkili bir bi\u00e7imde aktarabilir. Kurumsal k\u00fclt\u00fcr ve de\u011ferlere hakimiyet e\u011fitimi, marka bilincinin g\u00fc\u00e7lendirilmesi ve \u00e7al\u0131\u015fanlar\u0131n yetkinliklerinin art\u0131r\u0131lmas\u0131na y\u00f6neliktir.<\/p><p><strong>Temel Koku ve \u00dcr\u00fcn Bilgisi<\/strong><\/p><p>Parf\u00fcm sat\u0131\u015f uzmanlar\u0131 i\u00e7in olmazsa olmazlardan biri olan koku bilgisi, Loris Parf\u00fcm&#8217;\u00fcn temel koku e\u011fitimleri ile sa\u011flanmaktad\u0131r. Bu e\u011fitim, m\u00fc\u015fterilere sunulan \u00fcr\u00fcn yelpazesini detayl\u0131 bir \u015fekilde tan\u0131may\u0131 ve m\u00fc\u015fteri sorular\u0131na bilgi temelli cevaplar verebilmeyi i\u00e7erir. Temel koku ve \u00fcr\u00fcn bilgisi e\u011fitimi, sat\u0131\u015f dan\u0131\u015fmanlar\u0131n\u0131n \u00fcr\u00fcnler hakk\u0131nda g\u00fcvenilir bilgiler sunmay\u0131 ama\u00e7lar.<\/p><p><strong>Ma\u011fazac\u0131l\u0131k ve M\u00fc\u015fteri \u0130li\u015fkileri Y\u00f6netimi<\/strong><\/p><p>Loris Akademi, ma\u011faza ekibine perakendecilik temellerinden ba\u015flayarak ma\u011faza y\u00f6netimi konular\u0131na kadar geni\u015f bir e\u011fitim sunar. Ayr\u0131ca, m\u00fc\u015fteri ili\u015fkileri y\u00f6netimi, sat\u0131\u015f teknikleri ve liderlik becerileri gibi konularda e\u011fitimlerle \u00e7al\u0131\u015fanlar\u0131 g\u00fc\u00e7lendirir. Bu sayede, ma\u011faza ekibi m\u00fc\u015fterilere etkili bir \u015fekilde hizmet edebilir ve sat\u0131\u015f s\u00fcre\u00e7lerini ba\u015far\u0131l\u0131 bir \u015fekilde\u00a0y\u00f6netebilir.<\/p>\t\t\t\t\t\t<\/div>\n\t\t\t\t<\/div>\n\t\t\t\t\t<\/div>\n\t\t\t\t<\/div>\n\t\t\t\t<\/div>\n\t\t","protected":false},"excerpt":{"rendered":"<p>Amac\u0131m\u0131z Loris Akademi&#8217;nin Amac\u0131 Loris Akademi, ma\u011faza \u00e7al\u0131\u015fanlar\u0131na u\u00e7tan uca parf\u00fcm bilgisi, m\u00fc\u015fteri ili\u015fkileri y\u00f6netimi ve ma\u011fazac\u0131l\u0131k becerilerini kazand\u0131rarak, marka&#8230;<\/p>\n","protected":false},"author":1,"featured_media":0,"parent":0,"menu_order":0,"comment_status":"closed","ping_status":"closed","template":"","meta":{"footnotes":""},"class_list":["post-53109","page","type-page","status-publish","hentry"],"_links":{"self":[{"href":"https:\/\/lorisakademi.com\/index.php?rest_route=\/wp\/v2\/pages\/53109","targetHints":{"allow":["GET"]}}],"collection":[{"href":"https:\/\/lorisakademi.com\/index.php?rest_route=\/wp\/v2\/pages"}],"about":[{"href":"https:\/\/lorisakademi.com\/index.php?rest_route=\/wp\/v2\/types\/page"}],"author":[{"embeddable":true,"href":"https:\/\/lorisakademi.com\/index.php?rest_route=\/wp\/v2\/users\/1"}],"replies":[{"embeddable":true,"href":"https:\/\/lorisakademi.com\/index.php?rest_route=%2Fwp%2Fv2%2Fcomments&post=53109"}],"version-history":[{"count":28,"href":"https:\/\/lorisakademi.com\/index.php?rest_route=\/wp\/v2\/pages\/53109\/revisions"}],"predecessor-version":[{"id":54231,"href":"https:\/\/lorisakademi.com\/index.php?rest_route=\/wp\/v2\/pages\/53109\/revisions\/54231"}],"wp:attachment":[{"href":"https:\/\/lorisakademi.com\/index.php?rest_route=%2Fwp%2Fv2%2Fmedia&parent=53109"}],"curies":[{"name":"wp","href":"https:\/\/api.w.org\/{rel}","templated":true}]}}