{"id":53088,"date":"2024-01-27T14:41:20","date_gmt":"2024-01-27T11:41:20","guid":{"rendered":"https:\/\/lorisakademi.pixelturk.net\/?page_id=53088"},"modified":"2026-02-13T14:20:53","modified_gmt":"2026-02-13T11:20:53","slug":"hakkimizda","status":"publish","type":"page","link":"https:\/\/lorisakademi.com\/?page_id=53088","title":{"rendered":"Hakk\u0131m\u0131zda"},"content":{"rendered":"\t\t<div data-elementor-type=\"wp-page\" data-elementor-id=\"53088\" class=\"elementor elementor-53088\" data-elementor-post-type=\"page\">\n\t\t\t\t\t\t<section class=\"elementor-section elementor-top-section elementor-element elementor-element-1e25935 elementor-section-stretched elementor-section-boxed elementor-section-height-default elementor-section-height-default tm-col-stretched-none tm-bg-color-over-image\" data-id=\"1e25935\" data-element_type=\"section\" data-settings=\"{&quot;stretch_section&quot;:&quot;section-stretched&quot;,&quot;background_background&quot;:&quot;classic&quot;}\">\n\t\t\t\t\t\t\t<div class=\"elementor-background-overlay\"><\/div>\n\t\t\t\t\t\t\t<div class=\"elementor-container elementor-column-gap-extended\">\n\t\t\t\t\t<div class=\"elementor-column elementor-col-33 elementor-top-column elementor-element elementor-element-27d7b2b tm-bg-color-over-image\" data-id=\"27d7b2b\" data-element_type=\"column\">\n\t\t\t<div class=\"elementor-widget-wrap elementor-element-populated\">\n\t\t\t\t\t\t<div class=\"elementor-element elementor-element-ca782de elementor-widget elementor-widget-tm-ele-animated-layers\" data-id=\"ca782de\" data-element_type=\"widget\" data-widget_type=\"tm-ele-animated-layers.default\">\n\t\t\t\t<div class=\"elementor-widget-container\">\n\t\t\t\t\t<div class=\"tm-sc-animated-layer-advanced \">\r\n\t\t\t<div class=\"animated-layer-advanced-inner clearfix\">\r\n\t\r\n<div class=\"layer-image-wrapper layer-image  layer-image-fullwidth elementor-repeater-item-f32edfc\" style=\"\">\r\n\t<div class=\"layer-inner layer-image  \">\r\n\t\t<div class=\"layer-image-inner-wrapper image-hover-effect-shine\">\r\n\t\t\t<img fetchpriority=\"high\" decoding=\"async\" class=\"\" src=\"https:\/\/lorisakademi.com\/wp-content\/uploads\/2023\/01\/bg33-550x550.jpg\" width=\"550\" height=\"550\" alt=\"Image\">\r\n\t\t<\/div>\r\n\t<\/div>\r\n<\/div>\r\n\r\n<div class=\"layer-image-wrapper layer-image  layer-image-fullwidth elementor-repeater-item-c5df452\" style=\"\">\r\n\t<div class=\"layer-inner layer-image  \">\r\n\t\t<div class=\"layer-image-inner-wrapper image-hover-effect-shine\">\r\n\t\t\t<img decoding=\"async\" class=\"\" src=\"https:\/\/lorisakademi.com\/wp-content\/uploads\/2023\/01\/bg29-550x550.jpg\" width=\"550\" height=\"550\" alt=\"Image\">\r\n\t\t<\/div>\r\n\t<\/div>\r\n<\/div>\r\n\r\n<div class=\"layer-image-wrapper layer-image  layer-image-fullwidth elementor-repeater-item-47a3984\" style=\"\">\r\n\t<div class=\"layer-inner layer-image  \">\r\n\t\t<div class=\"layer-image-inner-wrapper \">\r\n\t\t\t<img decoding=\"async\" class=\"\" src=\"https:\/\/lorisakademi.com\/wp-content\/uploads\/2024\/01\/cirl21.png\" width=\"556\" height=\"565\" alt=\"Image\">\r\n\t\t<\/div>\r\n\t<\/div>\r\n<\/div>\r\n\t\t\t<\/div>\r\n\t\t\t<div class=\"clearfix\"><\/div>\r\n\t\t<\/div>\r\n\t\t\t<\/div>\n\t\t\t\t<\/div>\n\t\t\t\t<div class=\"elementor-element elementor-element-a4a54e9 elementor-widget elementor-widget-tm-ele-animated-layers\" data-id=\"a4a54e9\" data-element_type=\"widget\" data-widget_type=\"tm-ele-animated-layers.default\">\n\t\t\t\t<div class=\"elementor-widget-container\">\n\t\t\t\t\t<div class=\"tm-sc-animated-layer-advanced \">\r\n\t\t\t<div class=\"animated-layer-advanced-inner clearfix\">\r\n\t\r\n<div class=\"layer-image-wrapper layer-image  layer-image-fullwidth elementor-repeater-item-a895a5f\" style=\"\">\r\n\t<div class=\"layer-inner layer-image  \">\r\n\t\t<div class=\"layer-image-inner-wrapper image-hover-effect-shine\">\r\n\t\t\t<img loading=\"lazy\" decoding=\"async\" class=\"\" src=\"https:\/\/lorisakademi.com\/wp-content\/uploads\/2023\/01\/bg6-600x800.jpg\" width=\"600\" height=\"800\" alt=\"Image\">\r\n\t\t<\/div>\r\n\t<\/div>\r\n<\/div>\r\n\t\t\t<\/div>\r\n\t\t\t<div class=\"clearfix\"><\/div>\r\n\t\t<\/div>\r\n\t\t\t<\/div>\n\t\t\t\t<\/div>\n\t\t\t\t\t<\/div>\n\t\t<\/div>\n\t\t\t\t<div class=\"elementor-column elementor-col-33 elementor-top-column elementor-element elementor-element-23f8069 tm-bg-color-over-image\" data-id=\"23f8069\" data-element_type=\"column\">\n\t\t\t<div class=\"elementor-widget-wrap\">\n\t\t\t\t\t\t\t<\/div>\n\t\t<\/div>\n\t\t\t\t<div class=\"elementor-column elementor-col-33 elementor-top-column elementor-element elementor-element-3e61957 tm-bg-color-over-image\" data-id=\"3e61957\" data-element_type=\"column\">\n\t\t\t<div class=\"elementor-widget-wrap elementor-element-populated\">\n\t\t\t\t\t\t<div class=\"elementor-element elementor-element-89eb692 horizontal-line-align-left vertical-line-align-bottom elementor-widget elementor-widget-tm-ele-section-title\" data-id=\"89eb692\" data-element_type=\"widget\" data-widget_type=\"tm-ele-section-title.default\">\n\t\t\t\t<div class=\"elementor-widget-container\">\n\t\t\t<div class=\"tm-sc-section-title section-title \">\r\n\t<div class=\"title-wrapper\">\r\n\t\t\t\t\t\t<h6 class=\"subtitle \">\r\n\r\n\t\t\r\n\t\tLoris Parf\u00fcm\t<\/h6>\r\n\t\t\t\t<h2 class=\"title \">\r\n\r\n\t\t\r\n\t\t\t\t<span class=\"title-part1 \">Hakk\u0131m\u0131zda<\/span>\r\n\t\t\t\t\r\n\t\t\r\n\t<\/h2>\r\n\t<div class=\"title-seperator-line\"><\/div>\t\t\t\t\t\t<\/div>\r\n<\/div>\t\t<\/div>\n\t\t\t\t<\/div>\n\t\t\t\t<div class=\"elementor-element elementor-element-228acf2 elementor-widget elementor-widget-tm-ele-text-editor\" data-id=\"228acf2\" data-element_type=\"widget\" data-widget_type=\"tm-ele-text-editor.default\">\n\t\t\t\t<div class=\"elementor-widget-container\">\n\t\t\t\t\t<div class=\"tm-text-editor\">\r\n\t\t<h5>Loris, T\u00fcrkiye\u2019de notalara d\u00f6kt\u00fc\u011f\u00fc kokular\u0131 d\u00fcnyaya yay\u0131yor.<\/h5>\t\t<\/div>\r\n\t\t\t<\/div>\n\t\t\t\t<\/div>\n\t\t\t\t<div class=\"elementor-element elementor-element-994ed86 elementor-widget elementor-widget-tm-ele-text-editor\" data-id=\"994ed86\" data-element_type=\"widget\" data-widget_type=\"tm-ele-text-editor.default\">\n\t\t\t\t<div class=\"elementor-widget-container\">\n\t\t\t\t\t<div class=\"tm-text-editor\">\r\n\t\t<p>Y\u00fczlerce \u015fubesi ve binlerce \u00e7al\u0131\u015fan\u0131yla dev ma\u011fazalar zinciri olan Loris, 2006 y\u0131l\u0131ndan bu yana parf\u00fcm pazar\u0131nda faaliyet g\u00f6steriyor. T\u00fcrkiye\u2019de bu sekt\u00f6r\u00fcn yeni konu\u015fulmaya ba\u015flad\u0131\u011f\u0131 y\u0131llarda do\u011fan bu giri\u015fimin hikayesi ise parf\u00fcm\u00fcn notalar\u0131nda sakl\u0131. Hali haz\u0131rda T\u00fcrkiye\u2019de 250, D\u00fcnyada ise 500\u2019den fazla ma\u011faza ve binlerce \u00e7al\u0131\u015fan\u0131 ile hizmet veriyor.<\/p>\t\t<\/div>\r\n\t\t\t<\/div>\n\t\t\t\t<\/div>\n\t\t\t\t\t<\/div>\n\t\t<\/div>\n\t\t\t\t\t<\/div>\n\t\t<\/section>\n\t\t<div class=\"elementor-element elementor-element-99229bd e-flex e-con-boxed e-con e-parent\" data-id=\"99229bd\" data-element_type=\"container\">\n\t\t\t\t\t<div class=\"e-con-inner\">\n\t\t\t\t<div class=\"elementor-element elementor-element-580e7e0 elementor-widget elementor-widget-text-editor\" data-id=\"580e7e0\" data-element_type=\"widget\" data-widget_type=\"text-editor.default\">\n\t\t\t\t<div class=\"elementor-widget-container\">\n\t\t\t<style>\/*! elementor - v3.21.0 - 15-04-2024 *\/\n.elementor-widget-text-editor.elementor-drop-cap-view-stacked .elementor-drop-cap{background-color:#69727d;color:#fff}.elementor-widget-text-editor.elementor-drop-cap-view-framed .elementor-drop-cap{color:#69727d;border:3px solid;background-color:transparent}.elementor-widget-text-editor:not(.elementor-drop-cap-view-default) .elementor-drop-cap{margin-top:8px}.elementor-widget-text-editor:not(.elementor-drop-cap-view-default) .elementor-drop-cap-letter{width:1em;height:1em}.elementor-widget-text-editor .elementor-drop-cap{float:left;text-align:center;line-height:1;font-size:50px}.elementor-widget-text-editor .elementor-drop-cap-letter{display:inline-block}<\/style>\t\t\t\t<p>Parf\u00fcm ve yan \u00fcr\u00fcn gruplar\u0131yla her sene milyonlarca ki\u015finin ruhuna dokunan kokular \u00fcreten Loris, Kocaeli Gebze\u2019deki \u00fcretim tesisinde her sene milyonlarca \u015fi\u015fe parf\u00fcm \u00fcretiyor. Orta Do\u011fu\u2019dan Avrupa\u2019ya kadar uzanan geni\u015f bir co\u011frafyaya seslenen marka \u201cparf\u00fcm\u00fcn evrenselli\u011fi\u201d prensibi ile yarat\u0131c\u0131, ara\u015ft\u0131rmac\u0131 ve d\u00fcnya standartlar\u0131nda \u00fcretim yap\u0131yor.<\/p><p>Kurdu\u011fu Loris Akademi ile sadece kurum i\u00e7i ihtiyaca de\u011fil, sekt\u00f6r\u00fcn nitelikli eleman s\u0131k\u0131nt\u0131s\u0131na y\u00f6nelik de bir \u00e7\u00f6z\u00fcm sunan Loris, \u015fimdiye kadar y\u00fczlerce genci parf\u00fcmolog olarak e\u011fitti. Ma\u011faza \u00e7al\u0131\u015fanlar\u0131na y\u00f6nelik Parf\u00fcmoloji m\u00fcfredat\u0131n\u0131 olu\u015fturan marka, ki\u015fisel geli\u015fim, mesleki geli\u015fim, sat\u0131\u015f yetkinlikleri, liderlik becerileri, \u00fcr\u00fcn ve marka bilgisi gibi bir\u00e7ok ba\u015fl\u0131kta deneyimli e\u011fitmenler taraf\u0131ndan hayata ge\u00e7irilen bir e\u011fitim program\u0131n\u0131 ba\u015flatt\u0131.<\/p><p>D\u00fcnyan\u0131n en g\u00fczel kokular\u0131n\u0131 en kaliteli bi\u00e7imde \u00fcretmek ve m\u00fc\u015fterilerine ekonomik fiyatlarla sunmak konusunda hassas davranan marka, kaliteyi yakalamak i\u00e7in \u00e7\u0131tay\u0131 bir \u00fcst seviyeye \u00e7ekti. Kurdu\u011fu GCMS teknolojisine de sahip olan InoLab (Innovative Fragrance Laboratory) Ar &#8211; Ge laboratuvar\u0131 ile koku uzmanlar\u0131 ve kimyagerlerin y\u00f6netiminde b\u00fcy\u00fck ba\u015far\u0131lara imza atmaya ba\u015flad\u0131. Loris\u2019in DesignHub (Parf\u00fcme at\u0131lan imza) ad\u0131n\u0131 verdi\u011fi tasar\u0131m grubu ise kurumun t\u00fcm kanallara y\u00f6nelik ileti\u015fim faaliyetlerini y\u00f6netiyor.<\/p><p>LOR\u0130S, yenilik\u00e7i kreasyonlar\u0131 ve rekabet\u00e7i \u00fcr\u00fcn gam\u0131 ile global bir kozmetik markas\u0131 olma yolunda g\u00fc\u00e7l\u00fc ad\u0131mlarla ilerlemekte ve bu ba\u011flamda ba\u015fta Avrupa k\u0131tas\u0131 olmak \u00fczere bir\u00e7ok k\u0131taya ihracat yapma ba\u015far\u0131s\u0131n\u0131 g\u00f6stererek, tedarik zincirini geni\u015fletmeye devam etmektedir. Sa\u011fl\u0131k Bakanl\u0131\u011f\u0131 izinlerine tabi olarak ger\u00e7ekle\u015ftirilen \u00fcretimleri ISO 22716:2007 GMP (\u0130yi \u00dcretim Uygulamalar\u0131) ile hijyen ve kaliteden asla \u00f6d\u00fcn vermeden ithal esanslar\u0131 IFRA\u2019ya (Uluslararas\u0131 Esans Birli\u011fi\u2019ne uygun standartlarda) uygun bir \u015fekilde haz\u0131rlan\u0131p, tam donan\u0131ml\u0131 laboratuvar\u0131nda organoleptik, fiziksel ve kimyasal testlerden (Safl\u0131k Testi GC_MS Cihaz\u0131) ge\u00e7irilerek sat\u0131\u015fa arz edilmektedir. M\u00fc\u015fteri memnuniyet ve beklentisini daima y\u00fcksek tutarak kurgulanan marka vizyonunda \u00f6ncelikli temiel ilke kalite anlay\u0131\u015f\u0131d\u0131r. Bu do\u011frultuda marka b\u00fcnyesinde, M\u00fc\u015fteri Memnuniyeti ISO 10002:2004 Kalite Standard\u0131\u2019na g\u00f6re geri d\u00f6n\u00fc\u015fler b\u00fcy\u00fck titizlikle incelenmekte ve raporlanmaktad\u0131r. Ger\u00e7ekle\u015ftirilen Anadolu Kalite Zirvesi \u00d6d\u00fcl Gecesi\u2019nde al\u0131nan \u2018\u2019\u00dcst\u00fcn Kalite Rozeti\u2019\u2019 bu konuda y\u00fcr\u00fct\u00fclen hassas \u00e7al\u0131\u015fmalar\u0131n g\u00fczel bir yans\u0131mas\u0131d\u0131r. LOR\u0130S, ge\u00e7mi\u015ften gelece\u011fe uzanan deneyimi, daima y\u00fcksek kaliteyi hedefleyen ve s\u00fcrekli geli\u015fme a\u00e7\u0131k olan Ar-Ge anlay\u0131\u015f\u0131 ile kozmetik sekt\u00f6r\u00fcndeki yolculu\u011funa yeni koku trendleri ile sizleri bulu\u015fturarak devam etmeyi s\u00fcrd\u00fcrecektir.<\/p><p>Sundu\u011fu bayilik imkanlar\u0131yla Franchise\u2019ler\u0131n\u0131 A\u2019dan Z\u2019ye destekleyen Loris, anahtar teslim \u015fube imkanlar\u0131yla giri\u015fimcilere yeni kap\u0131lar a\u00e7\u0131yor. Makul yat\u0131r\u0131ml\u0131 bir i\u015f modeli sunuyor.<\/p>\t\t\t\t\t\t<\/div>\n\t\t\t\t<\/div>\n\t\t\t\t\t<\/div>\n\t\t\t\t<\/div>\n\t\t<div class=\"elementor-element elementor-element-2f18291 e-flex e-con-boxed e-con e-parent\" data-id=\"2f18291\" data-element_type=\"container\">\n\t\t\t\t\t<div class=\"e-con-inner\">\n\t\t<div class=\"elementor-element elementor-element-2f82897 e-con-full e-flex e-con e-child\" data-id=\"2f82897\" data-element_type=\"container\">\n\t\t\t\t<div class=\"elementor-element elementor-element-710d040 elementor-widget elementor-widget-text-editor\" data-id=\"710d040\" data-element_type=\"widget\" data-widget_type=\"text-editor.default\">\n\t\t\t\t<div class=\"elementor-widget-container\">\n\t\t\t\t\t\t\t<h3><strong>Vizyonumuz<\/strong><\/h3><p>Kullan\u0131c\u0131 mutlulu\u011funu sa\u011flayan \u00fcr\u00fcnlerle T\u00fcrkiye&#8217;de Lider ve D\u00fcnyada en \u00e7ok tercih edilen yerel marka olmak.<\/p>\t\t\t\t\t\t<\/div>\n\t\t\t\t<\/div>\n\t\t\t\t<\/div>\n\t\t<div class=\"elementor-element elementor-element-92d0352 e-con-full e-flex e-con e-child\" data-id=\"92d0352\" data-element_type=\"container\">\n\t\t\t\t<div class=\"elementor-element elementor-element-4fef098 elementor-widget elementor-widget-text-editor\" data-id=\"4fef098\" data-element_type=\"widget\" data-widget_type=\"text-editor.default\">\n\t\t\t\t<div class=\"elementor-widget-container\">\n\t\t\t\t\t\t\t<h3><strong>Misyonumuz<\/strong><\/h3><p>T\u00fcketicilerimize sa\u011fl\u0131kl\u0131, kolay ula\u015f\u0131labilir ve kaliteli \u00fcr\u00fcnleri y\u00fcksek hizmet anlay\u0131\u015f\u0131 ile uygun fiyata sunmak.<\/p><p>\u00c7al\u0131\u015fanlar\u0131m\u0131zla fikir \u00f6zg\u00fcrl\u00fc\u011f\u00fc, prensipli ve \u00f6zg\u00fcn \u00e7al\u0131\u015fma kriterleriyle birbirimizin deneyimlerinden faydalanarak ekip \u00e7al\u0131\u015fmas\u0131n\u0131 etkin k\u0131lmak.<\/p><p>Distrib\u00fct\u00f6rler ve bayilerle geni\u015f bir pazarlama a\u011f\u0131 kurarak, payda\u015flar\u0131m\u0131za y\u00fcksek fayda sa\u011flamak.<\/p>\t\t\t\t\t\t<\/div>\n\t\t\t\t<\/div>\n\t\t\t\t<\/div>\n\t\t\t\t\t<\/div>\n\t\t\t\t<\/div>\n\t\t<div class=\"elementor-element elementor-element-5a4c767 e-flex e-con-boxed e-con e-parent\" data-id=\"5a4c767\" data-element_type=\"container\">\n\t\t\t\t\t<div class=\"e-con-inner\">\n\t\t\t\t<div class=\"elementor-element elementor-element-45ba28e elementor-widget elementor-widget-text-editor\" data-id=\"45ba28e\" data-element_type=\"widget\" data-widget_type=\"text-editor.default\">\n\t\t\t\t<div class=\"elementor-widget-container\">\n\t\t\t\t\t\t\t<h3 class=\"MsoNormal\"><b>\u0130K De\u011ferlerimiz<\/b><\/h3><p class=\"MsoNormal\"><b>\u00c7al\u0131\u015fan Memnuniyeti ve Refah: <o:p><\/o:p><\/b>Loris, \u00e7al\u0131\u015fanlar\u0131n\u0131n mutlulu\u011funa ve refah\u0131na \u00f6nem vererek adil \u00e7al\u0131\u015fma ko\u015fullar\u0131, uygun maa\u015flar, avantajlar ve kariyer geli\u015fimi sa\u011flamay\u0131 sa\u011flar.<o:p><\/o:p><o:p>\u00a0<\/o:p><\/p><p class=\"MsoNormal\"><b>E\u015fitlik, \u00c7e\u015fitlilik ve Kapsay\u0131c\u0131l\u0131k: <o:p><\/o:p><\/b>Loris insan kaynaklar\u0131 politikalar\u0131, \u00e7e\u015fitlili\u011fi te\u015fvik etmek ve \u00e7al\u0131\u015fanlar aras\u0131nda e\u015fitlik ve dahil edicili\u011fi desteklemek i\u00e7in \u00e7e\u015fitli stratejiler i\u00e7erir.<o:p><\/o:p><o:p>\u00a0<\/o:p><\/p><p class=\"MsoNormal\"><b>E\u011fitim ve Geli\u015fim Olanaklar\u0131: <o:p><\/o:p><\/b>Loris, \u00e7al\u0131\u015fanlar\u0131n yeteneklerini geli\u015ftirmelerine ve kariyerlerinde ilerlemelerine yard\u0131mc\u0131 olmak i\u00e7in e\u011fitim ve geli\u015fim programlar\u0131 sunar.<o:p><\/o:p><o:p>\u00a0<\/o:p><\/p><p class=\"MsoNormal\"><b>Sosyal Sorumluluk ve Toplumsal Katk\u0131: <o:p><\/o:p><\/b>\u0130nsan kaynaklar\u0131 politikalar\u0131, markan\u0131n sosyal sorumluluk taahh\u00fctlerini yans\u0131tabilir. Bu, \u00e7al\u0131\u015fanlar\u0131 topluluk hizmetine y\u00f6nlendirmeyi ve markan\u0131n topluma de\u011fer katma \u00e7abalar\u0131n\u0131 i\u00e7erir.<o:p><\/o:p><o:p>\u00a0<\/o:p><\/p><p class=\"MsoNormal\"><b>\u0130leti\u015fim ve Kat\u0131l\u0131m: <o:p><\/o:p><\/b>\u0130nsan kaynaklar\u0131, a\u00e7\u0131k ileti\u015fimi te\u015fvik etmek ve \u00e7al\u0131\u015fanlar\u0131n marka kararlar\u0131na kat\u0131l\u0131m\u0131n\u0131 desteklemek amac\u0131yla etkili bir ileti\u015fim stratejisi y\u00fcr\u00fct\u00fcr.<o:p><\/o:p><o:p>\u00a0<\/o:p><\/p><p class=\"MsoNormal\"><b>\u00c7al\u0131\u015fan Sa\u011fl\u0131\u011f\u0131 ve G\u00fcvenli\u011fi:\u00a0<o:p><\/o:p><\/b>\u0130nsan kaynaklar\u0131 politikalar\u0131, \u00e7al\u0131\u015fan sa\u011fl\u0131\u011f\u0131 ve g\u00fcvenli\u011fini korumay\u0131 ama\u00e7layan \u00f6nlemler \u015firket politikalar\u0131m\u0131zda kritik \u00f6neme sahiptir.<o:p><\/o:p><\/p>\t\t\t\t\t\t<\/div>\n\t\t\t\t<\/div>\n\t\t\t\t\t<\/div>\n\t\t\t\t<\/div>\n\t\t\t\t<\/div>\n\t\t","protected":false},"excerpt":{"rendered":"<p>Loris Parf\u00fcm Hakk\u0131m\u0131zda Loris, T\u00fcrkiye\u2019de notalara d\u00f6kt\u00fc\u011f\u00fc kokular\u0131 d\u00fcnyaya yay\u0131yor. Y\u00fczlerce \u015fubesi ve binlerce \u00e7al\u0131\u015fan\u0131yla dev ma\u011fazalar zinciri olan Loris,&#8230;<\/p>\n","protected":false},"author":1,"featured_media":0,"parent":0,"menu_order":0,"comment_status":"closed","ping_status":"closed","template":"","meta":{"footnotes":""},"class_list":["post-53088","page","type-page","status-publish","hentry"],"_links":{"self":[{"href":"https:\/\/lorisakademi.com\/index.php?rest_route=\/wp\/v2\/pages\/53088","targetHints":{"allow":["GET"]}}],"collection":[{"href":"https:\/\/lorisakademi.com\/index.php?rest_route=\/wp\/v2\/pages"}],"about":[{"href":"https:\/\/lorisakademi.com\/index.php?rest_route=\/wp\/v2\/types\/page"}],"author":[{"embeddable":true,"href":"https:\/\/lorisakademi.com\/index.php?rest_route=\/wp\/v2\/users\/1"}],"replies":[{"embeddable":true,"href":"https:\/\/lorisakademi.com\/index.php?rest_route=%2Fwp%2Fv2%2Fcomments&post=53088"}],"version-history":[{"count":34,"href":"https:\/\/lorisakademi.com\/index.php?rest_route=\/wp\/v2\/pages\/53088\/revisions"}],"predecessor-version":[{"id":54220,"href":"https:\/\/lorisakademi.com\/index.php?rest_route=\/wp\/v2\/pages\/53088\/revisions\/54220"}],"wp:attachment":[{"href":"https:\/\/lorisakademi.com\/index.php?rest_route=%2Fwp%2Fv2%2Fmedia&parent=53088"}],"curies":[{"name":"wp","href":"https:\/\/api.w.org\/{rel}","templated":true}]}}