{"id":4660,"date":"2022-09-07T04:09:27","date_gmt":"2022-09-07T04:09:27","guid":{"rendered":"https:\/\/kodesolution.com\/2022\/fesho\/?page_id=4660"},"modified":"2024-03-29T15:27:57","modified_gmt":"2024-03-29T12:27:57","slug":"akademi","status":"publish","type":"page","link":"https:\/\/lorisakademi.com\/?page_id=4660","title":{"rendered":"Akademi"},"content":{"rendered":"\t\t<div data-elementor-type=\"wp-page\" data-elementor-id=\"4660\" class=\"elementor elementor-4660\" data-elementor-post-type=\"page\">\n\t\t\t\t\t\t<section class=\"elementor-section elementor-top-section elementor-element elementor-element-626e80e elementor-section-stretched elementor-section-boxed elementor-section-height-default elementor-section-height-default tm-col-stretched-none tm-bg-color-over-image\" data-id=\"626e80e\" data-element_type=\"section\" data-settings=\"{&quot;stretch_section&quot;:&quot;section-stretched&quot;}\">\n\t\t\t\t\t\t<div class=\"elementor-container elementor-column-gap-extended\">\n\t\t\t\t\t<div class=\"elementor-column elementor-col-100 elementor-top-column elementor-element elementor-element-3c6ecd7 tm-bg-color-over-image\" data-id=\"3c6ecd7\" data-element_type=\"column\">\n\t\t\t<div class=\"elementor-widget-wrap\">\n\t\t\t\t\t\t\t<\/div>\n\t\t<\/div>\n\t\t\t\t\t<\/div>\n\t\t<\/section>\n\t\t\t\t<\/div>\n\t\t","protected":false},"excerpt":{"rendered":"<p>Parf\u00fcmoloji E\u011fitimi B\u00f6lge M\u00fcd\u00fcrleri E\u011fitimi Genel Merkez \u00c7al\u0131\u015fan E\u011fitimi Build Heigh Security Ways Modern Web Design Agency Analytic Media App&#8230;<\/p>\n","protected":false},"author":1,"featured_media":0,"parent":0,"menu_order":0,"comment_status":"closed","ping_status":"closed","template":"","meta":{"footnotes":""},"class_list":["post-4660","page","type-page","status-publish","hentry"],"_links":{"self":[{"href":"https:\/\/lorisakademi.com\/index.php?rest_route=\/wp\/v2\/pages\/4660","targetHints":{"allow":["GET"]}}],"collection":[{"href":"https:\/\/lorisakademi.com\/index.php?rest_route=\/wp\/v2\/pages"}],"about":[{"href":"https:\/\/lorisakademi.com\/index.php?rest_route=\/wp\/v2\/types\/page"}],"author":[{"embeddable":true,"href":"https:\/\/lorisakademi.com\/index.php?rest_route=\/wp\/v2\/users\/1"}],"replies":[{"embeddable":true,"href":"https:\/\/lorisakademi.com\/index.php?rest_route=%2Fwp%2Fv2%2Fcomments&post=4660"}],"version-history":[{"count":4,"href":"https:\/\/lorisakademi.com\/index.php?rest_route=\/wp\/v2\/pages\/4660\/revisions"}],"predecessor-version":[{"id":53327,"href":"https:\/\/lorisakademi.com\/index.php?rest_route=\/wp\/v2\/pages\/4660\/revisions\/53327"}],"wp:attachment":[{"href":"https:\/\/lorisakademi.com\/index.php?rest_route=%2Fwp%2Fv2%2Fmedia&parent=4660"}],"curies":[{"name":"wp","href":"https:\/\/api.w.org\/{rel}","templated":true}]}}